{"id":2,"date":"2016-01-21T12:27:07","date_gmt":"2016-01-21T11:27:07","guid":{"rendered":"https:\/\/cirque.unipi.it\/epistelmologyofthecloset\/?page_id=2"},"modified":"2016-01-24T12:33:46","modified_gmt":"2016-01-24T11:33:46","slug":"pagina-di-esempio","status":"publish","type":"page","link":"https:\/\/cirque.unipi.it\/epistemologyofthecloset\/pagina-di-esempio\/","title":{"rendered":"Su questo blog"},"content":{"rendered":"<p><em>Epistemologyofthecloset<\/em>\u00a0\u00e8 il blog degli aderenti al <a href=\"https:\/\/cirque.unipi.it\">CIRQUE \u2013 Centro Interuniversitario di Ricerca Queer<\/a>. Il titolo \u00e8 un omaggio a uno dei testi fondanti della teoria queer,\u00a0<em>Epistemology of the Closet<\/em> di Eve Kosofsky Sedgwick (1990).<\/p>\n<p>Questo blog \u00e8 uno spazio di libera espressione e discussione; i suoi contenuti non rappresentano posizioni ufficiali del CIRQUE: le idee espresse in ciascun post e in ciascun commento, e le responsabilit\u00e0 che ne conseguono, sono dei rispettivi autori, indipendentemente dalle posizioni che essi occupano nel CIRQUE; la pubblicazione di commenti, anche moderati, non implica l\u2019adesione del CIRQUE. Ciascun post \u00e8 accompagnato, subito dopo il titolo, dal nome dell\u2019autore, che compare anche nella dicitura \u201cpubblicato da\u201d; quanto ai commenti, potrebbe non essere sempre possibile ascriverli univocamente a un autore identificabile.<\/p>\n<p>La persona che pubblica ciascun post \u00e8 anche responsabile della verifica della situazione di copyright o copyleft dei materiali che esso contiene e dell\u2019assolvimento di eventuali obblighi esistenti in tal senso, e si impegna a cancellare immediatamente eventuali materiali pubblicati senza rispettare i diritti degli autori.<\/p>\n<p>Chi pubblica\u00a0ciascun post \u00e8 libero di decidere quali diritti di propriet\u00e0 intellettuale rivendicare sui testi e sulle immagini di cui \u00e8 autore.<\/p>\n","protected":false},"excerpt":{"rendered":"<p>Epistemologyofthecloset\u00a0\u00e8 il blog degli aderenti al CIRQUE \u2013 Centro Interuniversitario di Ricerca Queer. Il titolo \u00e8 un omaggio a uno dei testi fondanti della teoria queer,\u00a0Epistemology of the Closet di Eve Kosofsky Sedgwick (1990). Questo blog \u00e8 uno spazio di &hellip; <a href=\"https:\/\/cirque.unipi.it\/epistemologyofthecloset\/pagina-di-esempio\/\">Continua a leggere<span class=\"meta-nav\">&rarr;<\/span><\/a><\/p>\n","protected":false},"author":1,"featured_media":0,"parent":0,"menu_order":0,"comment_status":"closed","ping_status":"open","template":"","meta":{"_monsterinsights_skip_tracking":false,"_monsterinsights_sitenote_active":false,"_monsterinsights_sitenote_note":"","_monsterinsights_sitenote_category":0,"footnotes":""},"class_list":["post-2","page","type-page","status-publish","hentry"],"_links":{"self":[{"href":"https:\/\/cirque.unipi.it\/epistemologyofthecloset\/wp-json\/wp\/v2\/pages\/2","targetHints":{"allow":["GET"]}}],"collection":[{"href":"https:\/\/cirque.unipi.it\/epistemologyofthecloset\/wp-json\/wp\/v2\/pages"}],"about":[{"href":"https:\/\/cirque.unipi.it\/epistemologyofthecloset\/wp-json\/wp\/v2\/types\/page"}],"author":[{"embeddable":true,"href":"https:\/\/cirque.unipi.it\/epistemologyofthecloset\/wp-json\/wp\/v2\/users\/1"}],"replies":[{"embeddable":true,"href":"https:\/\/cirque.unipi.it\/epistemologyofthecloset\/wp-json\/wp\/v2\/comments?post=2"}],"version-history":[{"count":7,"href":"https:\/\/cirque.unipi.it\/epistemologyofthecloset\/wp-json\/wp\/v2\/pages\/2\/revisions"}],"predecessor-version":[{"id":36,"href":"https:\/\/cirque.unipi.it\/epistemologyofthecloset\/wp-json\/wp\/v2\/pages\/2\/revisions\/36"}],"wp:attachment":[{"href":"https:\/\/cirque.unipi.it\/epistemologyofthecloset\/wp-json\/wp\/v2\/media?parent=2"}],"curies":[{"name":"wp","href":"https:\/\/api.w.org\/{rel}","templated":true}]}}